{"id":631,"date":"2018-06-25T12:31:21","date_gmt":"2018-06-25T10:31:21","guid":{"rendered":"https:\/\/www.asmatu.es\/?page_id=631"},"modified":"2018-12-21T11:21:05","modified_gmt":"2018-12-21T10:21:05","slug":"enpresa","status":"publish","type":"page","link":"https:\/\/www.asmatu.es\/eu\/enpresa\/","title":{"rendered":"Enpresa"},"content":{"rendered":"<div class=\"destacado fd-blanco\">\n<div class=\"main\">\n<div class=\"p-top\">\n<div class=\"mitad relativo animated slideInLeft delay1 duration3\">\n<div class=\"fd-gris-op\">\n<h1>Enpresa<\/h1>\n<\/div>\n<div class=\"padding\">\n<p>ASMATU enpresa 1992an sortu zuen Pedro Idarreta Lapazaran bide, ubide eta portuetako ingeniariak, aholkularitza zibileko eta eraikuntzako zerbitzua emateko xedearekin, espediente teknikoen eta project management-aren arloan. Geroztik eta orain arte, enpresa handitzen joan da etengabe, bai ingurumeneko saila sortu genuelako 2009an, bai gauzatu ditugun proiektuen tamainarengatik ere.\n<\/p>\n<p>2012a eta 2016a artean, nazioartekotzeko eta Perun handitzeko prozesu batean murgilduta egon ginen, gure funtsa begien bistatik galdu gabe. Egun, 30 profesionalek baino gehiagok eratutako taldea dugu: ingeniariak, arkitektoak, egituragileak, geologoak, delineatzaileak, topografoak eta ingurumeneko lizentziadunak, laguntza emateko langileak. <\/p>\n<\/div>\n<\/div>\n<div class=\"mitad relativo animated slideInUp delay3 duration3\"><img decoding=\"async\" src=\"https:\/\/www.asmatu.es\/wp-content\/themes\/asmatu\/images\/edificio-asmatu.png\" alt=\"Edificio de Asmatu\" title=\"Edificio de las oficinas de Asmatu en Zuatzu\" width=\"100%\" height=\"auto\"\/><\/div>\n<\/div>\n<\/div>\n<div class=\"clear\"><\/div>\n<\/div>\n<div class=\"fd-gris\">\n<div class=\"main relativo\">\n<h3 class=\"animated slideInLeft delay4 duration3 eds-on-scroll clear\">Horrek guztiak Gipuzkoako eta Euskadi osoko ingeniaritza-enpresa ospetsuenetako bihurtzeko aukera eman digu.<\/h3>\n<div class=\"animated slideInLeft delay4 duration3 eds-on-scroll p-bottom\">\n<div class=\"hr\"><\/div>\n<h2>Balioak<\/h2>\n<p class=\"m-top\">Enpresaren eta langileen egunerokoan erabat sustraituta dauden balioak dituen enpresa da ASMATU. Izan ere, balio horiek gure proiektuetako bakoitzean aplikatzen ditugu.<\/p>\n<p class=\"m-top\">Iriste-erraztasuna, gertutasuna bezeroekiko harremanean eta zerbitzua emateko gogo bizia dira.<\/p>\n<\/div>\n<div class=\"animated slideInRight delay3 duration3 eds-on-scroll p-bottom\">\n<div class=\"hr\"><\/div>\n<h2>Jarduteko printzipioak<\/h2>\n<p class=\"m-top\">Balio horiek isla dute jarduteko printzipio hauetan:<\/p>\n<div class=\"lista\">\n<ul>\n<li>Bezeroak pozik gelditzea lortzea, haien beharretara moldatuta, proiektu bakoitzera egokitutako ingurumen-hobekuntzak proposatuta eta elkarlan- eta inplikazio-lan etengabea eginda bezeroekin, lanak garatzeko fase guztietan eta bakoitzean.\n<\/li>\n<li>Aplikatzekoak diren legezko betebeharrak betetzea gordetzea, eta bai erakundeak izenpetutako beste baldintza batzuk ere.<\/li>\n<li>Proiektuen ingurumen-betetzean etengabeko hobekuntza bilatzea, eta bai proiektuaren bizi-ziklo osoan kutsadurari aurrea hartzea ere.\n<\/li>\n<li>Jarduerak era eraginkorrean gauzatzeko beharrezkoak diren baliabide teknikoak, parte-hartzea, prestakuntza eta motibazioa bermatzea, haien guztien giza garapena eta garapen profesionala bultzatuta.\n<\/li>\n<li>Proiektuen etengabeko hobekuntzarako konpromisoa, proiektu eko-diseinatuena, eta haien ingurumen-jardutea, beren bizi-zikloen ingurumen-alderdiak abiapuntu hartuta (materialak, eraikuntzako konponbideak, bizi-amaiera\u2026), ingurumen-eraginak bizi-zikloko etapa batetik bestera eraman gabe, proiektuaren bizi-zikloan zehar ingurumen-eragin negatiboen murrizte garbia ez badu behinik behin.\n<\/li>\n<\/ul>\n<\/div>\n<\/div>\n<\/div>\n<div class=\"linea-left\"><\/div>\n<div class=\"animated slideInLeft delay4 duration3 eds-on-scroll relativo\">\n<div class=\"txt-center m-top\">\n<h2>Gehiago jakin nahi duzu? Ezagutu gure kalitate-bermea.<br \/>\n<\/h2>\n<div class=\"boton\"><a class=\"cta\" href=\"https:\/\/www.asmatu.es\/eu\/kalitatea\/\" title=\"\"><span>ARGIBIDE GEHIAGO<br \/>\n<\/span><\/a><\/div>\n<\/div>\n<\/div>\n<\/div>\n<div class=\"main relativo\">\n<div id=\"trabaja\" class=\"mitad padding relativo animated slideInLeft delay5 duration3 eds-on-scroll\">\n<div class=\"hr\"><\/div>\n<h2>Egin lan gurekin<\/h2>\n<p class=\"m-top\">Lanerako espiritua duen talde gazte bateko kide izan nahi baduzu, curriculuma bidali eta eskuineko formularioa bete dezakezu. Zure hautagaitza laster sor daitezkeen lanpostuetarako baloratuko dugu.<\/p>\n<p class=\"m-top\">Teknikari espezialisten prestakuntza-erakundeekin eskuarki lankidetzan aritzen den enpresa da Asmatu. Horrenbestez, ingeniaritzako praktikak egin nahi badituzu gurekin, bidal iezaguzu curriculuma eskuineko formularioaren bidez.<\/p>\n<\/div>\n<div class=\"mitad padding relativo animated slideInRight delay6 duration3 eds-on-scroll formulario empresa\">\n<div class=\"wpcf7 no-js\" id=\"wpcf7-f658-o1\" lang=\"es-ES\" dir=\"ltr\" data-wpcf7-id=\"658\">\n<div class=\"screen-reader-response\"><p role=\"status\" aria-live=\"polite\" aria-atomic=\"true\"><\/p> <ul><\/ul><\/div>\n<form action=\"\/eu\/wp-json\/wp\/v2\/pages\/631#wpcf7-f658-o1\" method=\"post\" class=\"wpcf7-form init\" aria-label=\"Contact form\" enctype=\"multipart\/form-data\" novalidate=\"novalidate\" data-status=\"init\">\n<fieldset class=\"hidden-fields-container\"><input type=\"hidden\" name=\"_wpcf7\" value=\"658\" \/><input type=\"hidden\" name=\"_wpcf7_version\" value=\"6.1.5\" \/><input type=\"hidden\" name=\"_wpcf7_locale\" value=\"es_ES\" \/><input type=\"hidden\" name=\"_wpcf7_unit_tag\" value=\"wpcf7-f658-o1\" \/><input type=\"hidden\" name=\"_wpcf7_container_post\" value=\"0\" \/><input type=\"hidden\" name=\"_wpcf7_posted_data_hash\" value=\"\" \/><input type=\"hidden\" name=\"_wpcf7_recaptcha_response\" value=\"\" \/>\n<\/fieldset>\n<p><span class=\"wpcf7-form-control-wrap\" data-name=\"text-136\"><input size=\"40\" maxlength=\"400\" class=\"wpcf7-form-control wpcf7-text wpcf7-validates-as-required\" aria-required=\"true\" aria-invalid=\"false\" placeholder=\"Izena*\" value=\"\" type=\"text\" name=\"text-136\" \/><\/span>\n<\/p>\n<p><span class=\"wpcf7-form-control-wrap\" data-name=\"email-499\"><input size=\"40\" maxlength=\"400\" class=\"wpcf7-form-control wpcf7-email wpcf7-validates-as-required wpcf7-text wpcf7-validates-as-email\" aria-required=\"true\" aria-invalid=\"false\" placeholder=\"Eposta*\" value=\"\" type=\"email\" name=\"email-499\" \/><\/span>\n<\/p>\n<p><span class=\"wpcf7-form-control-wrap\" data-name=\"tel-262\"><input size=\"40\" maxlength=\"400\" class=\"wpcf7-form-control wpcf7-tel wpcf7-validates-as-required wpcf7-text wpcf7-validates-as-tel\" aria-required=\"true\" aria-invalid=\"false\" placeholder=\"Telefonoa*\" value=\"\" type=\"tel\" name=\"tel-262\" \/><\/span>\n<\/p>\n<p><span class=\"wpcf7-form-control-wrap\" data-name=\"adjunto\"><input size=\"40\" class=\"wpcf7-form-control wpcf7-file wpcf7-validates-as-required\" accept=\".pdf,.doc,.docx\" aria-required=\"true\" aria-invalid=\"false\" type=\"file\" name=\"adjunto\" \/><\/span>\n<\/p>\n<p><span class=\"wpcf7-form-control-wrap\" data-name=\"textarea-169\"><textarea cols=\"40\" rows=\"10\" maxlength=\"2000\" class=\"wpcf7-form-control wpcf7-textarea wpcf7-validates-as-required\" aria-required=\"true\" aria-invalid=\"false\" placeholder=\"Zerbait kontatu nahi diguzu?\" name=\"textarea-169\"><\/textarea><\/span>\n<\/p>\n<p><span class=\"wpcf7-form-control-wrap\" data-name=\"radio-728\"><span class=\"wpcf7-form-control wpcf7-radio\"><span class=\"wpcf7-list-item first\"><input type=\"radio\" name=\"radio-728\" value=\"He le\u00eddo y acepto recibir publicidad o informaci\u00f3n promocional de ASMATU SL.\" \/><span class=\"wpcf7-list-item-label\">He le\u00eddo y acepto recibir publicidad o informaci\u00f3n promocional de ASMATU SL.<\/span><\/span><span class=\"wpcf7-list-item last\"><input type=\"radio\" name=\"radio-728\" value=\"He le\u00eddo y no acepto recibir publicidad o informaci\u00f3n promocional de ASMATU SL.\" \/><span class=\"wpcf7-list-item-label\">He le\u00eddo y no acepto recibir publicidad o informaci\u00f3n promocional de ASMATU SL.<\/span><\/span><\/span><\/span>\n<\/p>\n<p><input class=\"wpcf7-form-control wpcf7-submit has-spinner\" type=\"submit\" value=\"Bidali\" \/>\n<\/p><div class=\"wpcf7-response-output\" aria-hidden=\"true\"><\/div>\n<\/form>\n<\/div>\n<\/p>\n<div class=\"lopd\">\n<div class=\"inner\">\n    <input type=\"checkbox\" id=\"toggle\"><br \/>\n    <label for=\"toggle\">Baldintzak irakurri<\/label><\/p>\n<div class=\"content\">\n<p class=\"nota\">De conformidad con lo establecido en la normativa vigente en Protecci\u00f3n de Datos de Car\u00e1cter Personal, por la presente le informamos que los datos personales obtenidos mediante este formulario, han sido incorporados en un fichero del cual es responsable ASMATU SL, con la finalidad de poder gestionar su participaci\u00f3n en los procesos de selecci\u00f3n de personal realizados por nuestra entidad.<br \/>\nLe informamos que trataremos sus datos conforme a la existencia de su consentimiento.  <br \/>\nPuede ejercer sus derechos de acceso, rectificaci\u00f3n, limitaci\u00f3n de tratamiento, supresi\u00f3n, portabilidad y oposici\u00f3n al tratamiento en los t\u00e9rminos establecidos en la Ley Org\u00e1nica 15\/1999, mediante un escrito a la direcci\u00f3n:  FCO. GRANDMONTAGNE 1-2\u00ba LOC.7 ED.ZURRIOLA POL.ZUATZU 20018, DONOSTIA-SAN SEBASTIAN (GIPUZKOA). <br \/>\nASMATU SL se compromete a usar los datos recogidos mediante este formulario, \u00fanicamente para la finalidad anteriormente mencionada. Asimismo, en virtud de lo establecido en el art\u00edculo 21 de la Ley 34\/2002 de servicios de la sociedad de la informaci\u00f3n y de comercio electr\u00f3nico, solicitamos su consentimiento para enviarle publicidad de nuestros productos y\/o servicios a la direcci\u00f3n e-mail que usted nos ha facilitado.<br \/>\nAsimismo, le informamos que podr\u00e1 revocar en cualquier momento el consentimiento prestado a la recepci\u00f3n de comunicaciones comerciales enviando un e-mail a la direcci\u00f3n de correo electr\u00f3nico: <a href=\"mailto:asmatu@asmatu.es\" style=\"text-decoration:none;color:black;\"><strong>asmatu@asmatu.es<\/strong><\/a>.<br \/>\nEl env\u00edo de este formulario implica la aceptaci\u00f3n de las cl\u00e1usulas expuestas.<\/p>\n<\/div>\n<\/div>\n<\/div>\n<\/div>\n<div class=\"clear\"><\/div>\n<\/div>\n","protected":false},"excerpt":{"rendered":"<p>Enpresa ASMATU enpresa 1992an sortu zuen Pedro Idarreta Lapazaran bide, ubide eta portuetako ingeniariak, aholkularitza zibileko eta eraikuntzako zerbitzua emateko xedearekin, espediente teknikoen eta project management-aren arloan. Geroztik eta orain arte, enpresa handitzen joan da etengabe, bai ingurumeneko saila sortu genuelako 2009an, bai gauzatu ditugun proiektuen tamainarengatik ere. 2012a eta 2016a artean, nazioartekotzeko eta Perun [&hellip;]<\/p>\n","protected":false},"author":4,"featured_media":0,"parent":0,"menu_order":0,"comment_status":"closed","ping_status":"closed","template":"interior.php","meta":{"_acf_changed":false,"footnotes":""},"class_list":["post-631","page","type-page","status-publish","hentry"],"acf":[],"_links":{"self":[{"href":"https:\/\/www.asmatu.es\/eu\/wp-json\/wp\/v2\/pages\/631","targetHints":{"allow":["GET"]}}],"collection":[{"href":"https:\/\/www.asmatu.es\/eu\/wp-json\/wp\/v2\/pages"}],"about":[{"href":"https:\/\/www.asmatu.es\/eu\/wp-json\/wp\/v2\/types\/page"}],"author":[{"embeddable":true,"href":"https:\/\/www.asmatu.es\/eu\/wp-json\/wp\/v2\/users\/4"}],"replies":[{"embeddable":true,"href":"https:\/\/www.asmatu.es\/eu\/wp-json\/wp\/v2\/comments?post=631"}],"version-history":[{"count":7,"href":"https:\/\/www.asmatu.es\/eu\/wp-json\/wp\/v2\/pages\/631\/revisions"}],"predecessor-version":[{"id":853,"href":"https:\/\/www.asmatu.es\/eu\/wp-json\/wp\/v2\/pages\/631\/revisions\/853"}],"wp:attachment":[{"href":"https:\/\/www.asmatu.es\/eu\/wp-json\/wp\/v2\/media?parent=631"}],"curies":[{"name":"wp","href":"https:\/\/api.w.org\/{rel}","templated":true}]}}