{"id":629,"date":"2018-06-25T12:25:23","date_gmt":"2018-06-25T10:25:23","guid":{"rendered":"https:\/\/www.asmatu.es\/?page_id=629"},"modified":"2019-11-07T14:37:39","modified_gmt":"2019-11-07T13:37:39","slug":"kalitatea","status":"publish","type":"page","link":"https:\/\/www.asmatu.es\/eu\/kalitatea\/","title":{"rendered":"Kalitatea"},"content":{"rendered":"<div class=\"destacado-bl\">\n<div class=\"main\">\n<div class=\"p-top\">\n<div class=\"mitad animated slideInLeft delay1 duration3\">\n<div class=\"fd-gris-op\">\n<h1>Kalitatea<\/h1>\n<\/div>\n<div class=\"padding\">\nASMATUk etengabe hobetzeko duen prozesuaren barnean dituen helburu nagusietako bi dira kalitatearen arloko estandar handienak bilatzea eta ingurumenarekiko errespetua. 25 urtetik gorako gure ibilbidean pozik gelditu diren bezeroak gure berme onena dira.<br \/>\n&nbsp;<br \/>\n<strong>ASMATU SLP.<\/strong>, con el fin de alcanzar un destacado nivel en la calidad de todas sus actividades y consciente de la necesidad de colaborar en la protecci\u00f3n ambiental, asume el compromiso de la mejora constante de la eficacia del Sistema de Gesti\u00f3n mediante el enfoque basado en la gesti\u00f3n de riesgos y la puesta en marcha de las medidas adecuadas para minimizarlos, conforme a los siguientes principios de actuaci\u00f3n:\n<\/div>\n<\/div>\n<\/div>\n<div class=\"mitad padding logos\"><a href=\"https:\/\/www.asmatu.es\/wp-content\/uploads\/2018\/12\/ISO-9001-info.pdf\" target=\"_blank\"><img decoding=\"async\" class=\"animated fadeIn delay2 duration10\" title=\"\" src=\"https:\/\/www.asmatu.es\/wp-content\/themes\/asmatu\/images\/iso-9001.jpg\" alt=\"\" width=\"auto\" height=\"auto\" \/><\/a><a href=\"https:\/\/www.asmatu.es\/wp-content\/uploads\/2018\/12\/ISO-14006-info.pdf\" target=\"_blank\"><img decoding=\"async\" class=\"animated fadeIn delay3 duration10\" title=\"\" src=\"https:\/\/www.asmatu.es\/wp-content\/themes\/asmatu\/images\/iso-14006.jpg\" alt=\"\" width=\"auto\" height=\"auto\" \/><\/a><a href=\"https:\/\/www.asmatu.es\/wp-content\/uploads\/2018\/12\/ISO-14001-info.pdf\" target=\"_blank\"><img decoding=\"async\" class=\"animated fadeIn delay4 duration10\" title=\"\" src=\"https:\/\/www.asmatu.es\/wp-content\/themes\/asmatu\/images\/iso-14001.jpg\" alt=\"\" width=\"auto\" height=\"auto\" \/><\/a><\/p>\n<div class=\"boton animated fadeIn delay2 duration10\"><a class=\"cta\" href=\"https:\/\/www.asmatu.es\/wp-content\/uploads\/2019\/11\/POLITICA-INTEGRAL-DE-CALIDAD.pdf\" target=\"_blank\" title=\"Consultar la pol\u00edtica integral de calidad\"><span>POL\u00cdTICA INTEGRAL DE CALIDAD<\/span><\/a><\/div>\n<\/div>\n<div class=\"clear\"><\/div>\n<div class=\"mitad animated slideInRight delay5 duration3 padding\">\n<div class=\"lista\">\n<ul>\n<li>Conseguir la satisfacci\u00f3n de los clientes y partes interesadas, adapt\u00e1ndose a sus necesidades y proponiendo mejoras ambientales adecuadas a cada proyecto y realizando una labor de colaboraci\u00f3n e implicaci\u00f3n continua con el cliente en todas y cada una de las fases de desarrollo de los trabajos.<\/li>\n<li>Observar el cumplimiento de los requisitos legales aplicables, y de otros requisitos suscritos por la organizaci\u00f3n. Incluso un compromiso para la protecci\u00f3n del Medio Ambiente, incluida la prevenci\u00f3n de la contaminaci\u00f3n y con compromisos espec\u00edficos pertinentes al contexto de la organizaci\u00f3n.<\/li>\n<li>Buscar una mejora continua del desempe\u00f1o ambiental de los proyectos as\u00ed como la prevenci\u00f3n de la contaminaci\u00f3n durante todo el ciclo de vida del proyecto<\/li>\n<\/ul>\n<\/div>\n<\/div>\n<div class=\"mitad animated slideInRight delay6 duration3 padding\">\n<div class=\"lista\">\n<ul>\n<li>Garantizar el nivel de participaci\u00f3n, formaci\u00f3n, motivaci\u00f3n y los medios t\u00e9cnicos necesarios para la eficiente realizaci\u00f3n de sus actividades, potenciando el desarrollo humano y profesional de todos ellos.<\/li>\n<li>Compromiso de mejora continua de los proyectos, eco-dise\u00f1ados, y su desempe\u00f1o ambiental desde el dise\u00f1o y desarrollo, a partir del conocimiento de los aspectos ambientales de sus ciclos de vida (materiales, soluciones constructivas, fin de vida&#8230;) sin trasladar impactos ambientales de una etapa del ciclo de vida a otra, a menos que tenga una reducci\u00f3n neta de los impactos ambientales negativos a lo largo del ciclo de vida del proyecto.<\/li>\n<\/ul>\n<\/div>\n<\/div>\n<div class=\"clear\"><\/div>\n<div class=\"animated slideInLeft delay7 duration3\">\nPor todo ello hemos documentado e implantado un <strong>Sistema Integral<\/strong> en conformidad con los requisitos de las normas UNE-EN-ISO 9001; UNE-EN-ISO 14001 y UNE-EN ISO 14006, enfocado hacia la <strong>Mejora Constante<\/strong> y que es <strong>conocido, entendido y aplicado<\/strong> por todas y cada una de las personas que integramos <strong>ASMATU SLP<\/strong>.<br \/>\n&nbsp;<br \/>\nSe establecer\u00e1n objetivos que garanticen el cumplimiento de la Pol\u00edtica Integral. La consecuci\u00f3n de estos objetivos es responsabilidad de todos, siendo necesaria la participaci\u00f3n y colaboraci\u00f3n de todo el personal de <strong>ASMATU SLP<\/strong>, para lo cual, la Direcci\u00f3n de la Empresa difunde la Pol\u00edtica Integral establecida.\n<\/div>\n<\/div>\n<\/div>\n<div class=\"main relativo logos\">\n<div class=\"m-top\">\n<h3 class=\"animated fadeIn delay8 duration10\">Urte hauetan guztietan, enpresa eta erakunde desberdinekin egin dugu lan.<\/h3>\n<div class=\"animated fadeIn delay9 duration10\">\n<div class=\"hr\"><\/div>\n<h2>Erakunde publikoak<\/h2>\n<p><img decoding=\"async\" title=\"\" src=\"https:\/\/www.asmatu.es\/wp-content\/themes\/asmatu\/images\/logo-ayuntamiento-pasaia.jpg\" alt=\"\" width=\"auto\" height=\"auto\" \/><img decoding=\"async\" title=\"\" src=\"https:\/\/www.asmatu.es\/wp-content\/themes\/asmatu\/images\/logo-ayuntamiento-orio.jpg\" alt=\"\" width=\"auto\" height=\"auto\" \/><img decoding=\"async\" title=\"\" src=\"https:\/\/www.asmatu.es\/wp-content\/themes\/asmatu\/images\/logo-ayuntamiento-oiartzun.jpg\" alt=\"\" width=\"auto\" height=\"auto\" \/><img decoding=\"async\" title=\"\" src=\"https:\/\/www.asmatu.es\/wp-content\/themes\/asmatu\/images\/logo-ayuntamiento-mutriku.jpg\" alt=\"\" width=\"auto\" height=\"auto\" \/><img decoding=\"async\" title=\"\" src=\"https:\/\/www.asmatu.es\/wp-content\/themes\/asmatu\/images\/logo-ayuntamiento-donostia.jpg\" alt=\"\" width=\"auto\" height=\"auto\" \/><img decoding=\"async\" title=\"\" src=\"https:\/\/www.asmatu.es\/wp-content\/themes\/asmatu\/images\/logo-ayuntamiento-bergara.jpg\" alt=\"\" width=\"auto\" height=\"auto\" \/><img decoding=\"async\" title=\"\" src=\"https:\/\/www.asmatu.es\/wp-content\/themes\/asmatu\/images\/logo-ayuntamiento-azpeitia.jpg\" alt=\"\" width=\"auto\" height=\"auto\" \/><img decoding=\"async\" title=\"\" src=\"https:\/\/www.asmatu.es\/wp-content\/themes\/asmatu\/images\/logo-ayuntamiento-azkoitia.jpg\" alt=\"\" width=\"auto\" height=\"auto\" \/><img decoding=\"async\" title=\"\" src=\"https:\/\/www.asmatu.es\/wp-content\/themes\/asmatu\/images\/anarbe.jpg\" alt=\"\" width=\"auto\" height=\"auto\" \/><img decoding=\"async\" title=\"\" src=\"https:\/\/www.asmatu.es\/wp-content\/themes\/asmatu\/images\/diputacion-foral-bizkaia.jpg\" alt=\"\" width=\"auto\" height=\"auto\" \/><img decoding=\"async\" title=\"\" src=\"https:\/\/www.asmatu.es\/wp-content\/themes\/asmatu\/images\/diputacion-foral-gipuzkoa.jpg\" alt=\"\" width=\"auto\" height=\"auto\" \/><img decoding=\"async\" title=\"\" src=\"https:\/\/www.asmatu.es\/wp-content\/themes\/asmatu\/images\/etorlur.jpg\" alt=\"\" width=\"auto\" height=\"auto\" \/><img decoding=\"async\" title=\"\" src=\"https:\/\/www.asmatu.es\/wp-content\/themes\/asmatu\/images\/euskal-trenbide-sarea.jpg\" alt=\"\" width=\"auto\" height=\"auto\" \/><img decoding=\"async\" title=\"\" src=\"https:\/\/www.asmatu.es\/wp-content\/themes\/asmatu\/images\/ghk.jpg\" alt=\"\" width=\"auto\" height=\"auto\" \/><img decoding=\"async\" title=\"\" src=\"https:\/\/www.asmatu.es\/wp-content\/themes\/asmatu\/images\/gipuzkoako-urak.jpg\" alt=\"\" width=\"auto\" height=\"auto\" \/><img decoding=\"async\" title=\"\" src=\"https:\/\/www.asmatu.es\/wp-content\/themes\/asmatu\/images\/gobierno-vasco.jpg\" alt=\"\" width=\"auto\" height=\"auto\" \/><img decoding=\"async\" title=\"\" src=\"https:\/\/www.asmatu.es\/wp-content\/themes\/asmatu\/images\/sprilur.jpg\" alt=\"\" width=\"auto\" height=\"auto\" \/><img decoding=\"async\" title=\"\" src=\"https:\/\/www.asmatu.es\/wp-content\/uploads\/2018\/06\/logo_ayuntamiento_arrasate.jpg\" alt=\"\" width=\"auto\" height=\"auto\" \/><img decoding=\"async\" title=\"\" src=\"https:\/\/www.asmatu.es\/wp-content\/uploads\/2018\/06\/logo_ayuntamiento_lasarte.jpg\" alt=\"\" width=\"auto\" height=\"auto\" \/><img decoding=\"async\" title=\"\" src=\"https:\/\/www.asmatu.es\/wp-content\/uploads\/2018\/06\/logo_ayuntamiento-irun.jpg\" alt=\"\" width=\"auto\" height=\"auto\" \/><img decoding=\"async\" title=\"\" src=\"https:\/\/www.asmatu.es\/wp-content\/uploads\/2018\/06\/logo_ayuntamiento_tolosako.jpg\" alt=\"\" width=\"auto\" height=\"auto\" \/><img decoding=\"async\" title=\"\" src=\"https:\/\/www.asmatu.es\/wp-content\/uploads\/2018\/06\/logp_bidegi_empresa.jpg\" alt=\"\" width=\"auto\" height=\"auto\" \/>\n<\/div>\n<div class=\"m-top animated fadeIn duration10 eds-on-scroll\">\n<div class=\"hr\"><\/div>\n<h2>Ekimen pribatua<\/h2>\n<p><img decoding=\"async\" title=\"\" src=\"https:\/\/www.asmatu.es\/wp-content\/themes\/asmatu\/images\/amenabar.jpg\" alt=\"\" width=\"auto\" height=\"auto\" \/><img decoding=\"async\" title=\"\" src=\"https:\/\/www.asmatu.es\/wp-content\/themes\/asmatu\/images\/arcelor.jpg\" alt=\"\" width=\"auto\" height=\"auto\" \/><img decoding=\"async\" title=\"\" src=\"https:\/\/www.asmatu.es\/wp-content\/themes\/asmatu\/images\/biurrarena.jpg\" alt=\"\" width=\"auto\" height=\"auto\" \/><img decoding=\"async\" title=\"\" src=\"https:\/\/www.asmatu.es\/wp-content\/themes\/asmatu\/images\/calcinor.jpg\" alt=\"\" width=\"auto\" height=\"auto\" \/><img decoding=\"async\" title=\"\" src=\"https:\/\/www.asmatu.es\/wp-content\/themes\/asmatu\/images\/campezo.jpg\" alt=\"\" width=\"auto\" height=\"auto\" \/><img decoding=\"async\" title=\"\" src=\"https:\/\/www.asmatu.es\/wp-content\/themes\/asmatu\/images\/cie-automotive.jpg\" alt=\"\" width=\"auto\" height=\"auto\" \/><img decoding=\"async\" title=\"\" src=\"https:\/\/www.asmatu.es\/wp-content\/themes\/asmatu\/images\/dragados.jpg\" alt=\"\" width=\"auto\" height=\"auto\" \/><img decoding=\"async\" title=\"\" src=\"https:\/\/www.asmatu.es\/wp-content\/themes\/asmatu\/images\/euskalforging.jpg\" alt=\"\" width=\"auto\" height=\"auto\" \/><img decoding=\"async\" title=\"\" src=\"https:\/\/www.asmatu.es\/wp-content\/themes\/asmatu\/images\/guardian.jpg\" alt=\"\" width=\"auto\" height=\"auto\" \/><img decoding=\"async\" title=\"\" src=\"https:\/\/www.asmatu.es\/wp-content\/themes\/asmatu\/images\/igepak.jpg\" alt=\"\" width=\"auto\" height=\"auto\" \/><img decoding=\"async\" title=\"\" src=\"https:\/\/www.asmatu.es\/wp-content\/themes\/asmatu\/images\/iparlat.jpg\" alt=\"\" width=\"auto\" height=\"auto\" \/><img decoding=\"async\" title=\"\" src=\"https:\/\/www.asmatu.es\/wp-content\/themes\/asmatu\/images\/loar.jpg\" alt=\"\" width=\"auto\" height=\"auto\" \/><img decoding=\"async\" title=\"\" src=\"https:\/\/www.asmatu.es\/wp-content\/themes\/asmatu\/images\/moyua.jpg\" alt=\"\" width=\"auto\" height=\"auto\" \/><img decoding=\"async\" title=\"\" src=\"https:\/\/www.asmatu.es\/wp-content\/themes\/asmatu\/images\/roar.jpg\" alt=\"\" width=\"auto\" height=\"auto\" \/><img decoding=\"async\" title=\"\" src=\"https:\/\/www.asmatu.es\/wp-content\/themes\/asmatu\/images\/sukia.jpg\" alt=\"\" width=\"auto\" height=\"auto\" \/><img decoding=\"async\" title=\"\" src=\"https:\/\/www.asmatu.es\/wp-content\/themes\/asmatu\/images\/viuda-sainz.jpg\" alt=\"\" width=\"auto\" height=\"auto\" \/><img decoding=\"async\" title=\"\" src=\"https:\/\/www.asmatu.es\/wp-content\/uploads\/2018\/06\/empresa_pasaia_portua.jpg\" alt=\"\" width=\"auto\" height=\"auto\" \/><img decoding=\"async\" title=\"\" src=\"https:\/\/www.asmatu.es\/wp-content\/uploads\/2018\/06\/logo_altuna_y_uria.jpg\" alt=\"\" width=\"auto\" height=\"auto\" \/>\n<\/div>\n<\/div>\n<\/div>\n","protected":false},"excerpt":{"rendered":"<p>Kalitatea ASMATUk etengabe hobetzeko duen prozesuaren barnean dituen helburu nagusietako bi dira kalitatearen arloko estandar handienak bilatzea eta ingurumenarekiko errespetua. 25 urtetik gorako gure ibilbidean pozik gelditu diren bezeroak gure berme onena dira. &nbsp; ASMATU SLP., con el fin de alcanzar un destacado nivel en la calidad de todas sus actividades y consciente de la [&hellip;]<\/p>\n","protected":false},"author":4,"featured_media":0,"parent":0,"menu_order":0,"comment_status":"closed","ping_status":"closed","template":"interior.php","meta":{"_acf_changed":false,"footnotes":""},"class_list":["post-629","page","type-page","status-publish","hentry"],"acf":[],"_links":{"self":[{"href":"https:\/\/www.asmatu.es\/eu\/wp-json\/wp\/v2\/pages\/629","targetHints":{"allow":["GET"]}}],"collection":[{"href":"https:\/\/www.asmatu.es\/eu\/wp-json\/wp\/v2\/pages"}],"about":[{"href":"https:\/\/www.asmatu.es\/eu\/wp-json\/wp\/v2\/types\/page"}],"author":[{"embeddable":true,"href":"https:\/\/www.asmatu.es\/eu\/wp-json\/wp\/v2\/users\/4"}],"replies":[{"embeddable":true,"href":"https:\/\/www.asmatu.es\/eu\/wp-json\/wp\/v2\/comments?post=629"}],"version-history":[{"count":9,"href":"https:\/\/www.asmatu.es\/eu\/wp-json\/wp\/v2\/pages\/629\/revisions"}],"predecessor-version":[{"id":920,"href":"https:\/\/www.asmatu.es\/eu\/wp-json\/wp\/v2\/pages\/629\/revisions\/920"}],"wp:attachment":[{"href":"https:\/\/www.asmatu.es\/eu\/wp-json\/wp\/v2\/media?parent=629"}],"curies":[{"name":"wp","href":"https:\/\/api.w.org\/{rel}","templated":true}]}}