{"id":625,"date":"2018-06-25T12:14:43","date_gmt":"2018-06-25T10:14:43","guid":{"rendered":"https:\/\/www.asmatu.es\/?page_id=625"},"modified":"2018-12-13T11:56:32","modified_gmt":"2018-12-13T10:56:32","slug":"hirigintza","status":"publish","type":"page","link":"https:\/\/www.asmatu.es\/eu\/jarduera-esparruak\/hirigintza\/","title":{"rendered":"Hirigintza"},"content":{"rendered":"<div class=\"destacado fd-blanco\">\n<div class=\"main\">\n<div class=\"p-top\">\n<div class=\"mitad relativo animated slideInLeft delay1 duration3\">\n<div class=\"fd-gris-op\">\n<h1>Hirigintza<\/h1>\n<\/div>\n<div class=\"padding\">\n<p>Diziplina anitzeko talde batek eratuta dago arlo hau: teknikari espezialista desberdinak eta esperientzia handiko profesionalak hirigintzaren eta arkitekturaren aholkularitza juridikoan. Taldeen arteko elkarlan etengabeak ekartzen du proiektuen kudeaketa arin eta zerbitzuaren kalitate gorenarekin egitea.<\/p>\n<\/div>\n<\/div>\n<div class=\"mitad relativo animated slideInUp delay3 duration3\"><img decoding=\"async\" src=\"https:\/\/www.asmatu.es\/wp-content\/themes\/asmatu\/images\/proyecto-urbanismo-sansebastian-asmatu.jpg\" alt=\"Proyecto de urbanismo\" title=\"Proyecto de urbanismo realizado por Asmatu\" width=\"100%\" height=\"auto\"\/><\/div>\n<\/div>\n<\/div>\n<div class=\"clear\"><\/div>\n<\/div>\n<div class=\"fd-gris\">\n<div class=\"main relativo\">\n<div class=\"animated slideInLeft delay1 duration3 eds-on-scroll\">\n<div class=\"mitad padding\"><img decoding=\"async\" class=\"alignnone size-medium wp-image-48\" src=\"https:\/\/www.asmatu.es\/wp-content\/themes\/asmatu\/images\/proyecto-urbanismo-asmatu.jpg\" alt=\"\" width=\"100%\" height=\"auto\" \/><\/div>\n<div class=\"mitad padding\">\n<p>Hirigintzak lurraldearen antolamendua bilatzen du, helburu baten arabera eta baliabideak era eraginkorrean bateratzen saiatuta.<\/p>\n<p>Esperientzia egiaztatuko arkitektoekin elkarlanean, parte hartzen dugun proiektuetako bakoitzaren hirigintzako plangintza egiten dugu ASMATUn.<\/p>\n<p>Beti saiatzen gara espazioak eta lurraldeak harmonizatzen, ezarritako helburuak ahalik eta hobekiena beteta.<\/p>\n<\/div>\n<div class=\"clear\"><\/div>\n<\/div>\n<div class=\"animated slideInRight delay1 duration3 eds-on-scroll\">\n<div class=\"mitad txt-center padding right\"><img decoding=\"async\" class=\"alignnone size-medium wp-image-48\" src=\"https:\/\/www.asmatu.es\/wp-content\/themes\/asmatu\/images\/proyecto-urbanismo-contruccion-asmatu.jpg\" alt=\"\" width=\"100%\" height=\"auto\" \/><\/div>\n<div class=\"mitad padding\">\n<p>Gure hastapenetatik, hirigintzako egitasmo ugaritan parte hartu dugu. Proiektu horiek barnean hartu dute, urbanizatzeko jarduera-programetatik gune desberdinak berriro urbanizatzeko planetaraino, aholkularitzako eta kudeaketako lanetatik igarota.<\/p>\n<p>Jarduera-esparru desberdinetan aritzean, hala nola ingeniaritza zibilean, eraikingintzan eta ingurumenean, hirigintzako proiektu integralak gauzatu ditzakegu, orekatuak eta iraunkorrak.<\/p>\n<\/div>\n<div class=\"clear\"><\/div>\n<\/div>\n<p><!--<\/div>\n\n\n\n\n<div class=\"linea-left\"><\/div>\n\n<\/div>\n\n\n\n\n<div class=\"main m-top relativo noticias\">\n\n<div class=\"animated slideInLeft delay2 duration3 eds-on-scroll\">\n\n<div class=\"hr\"><\/div>\n\n\n\n\n<h2 class=\"uppercase\">Proyectos<\/h2>\n\n\n\n\n<div class=\"mitad\">\n\n<div class=\"padding\"><img decoding=\"async\" class=\"alignnone size-medium wp-image-48\" src=\"https:\/\/www.asmatu.es\/wp-content\/uploads\/2018\/05\/Planta.jpg\" alt=\"\" width=\"100%\" height=\"auto\" srcset=\"https:\/\/www.asmatu.es\/wp-content\/uploads\/2018\/05\/Planta.jpg 1554w, https:\/\/www.asmatu.es\/wp-content\/uploads\/2018\/05\/Planta-300x168.jpg 300w, https:\/\/www.asmatu.es\/wp-content\/uploads\/2018\/05\/Planta-768x429.jpg 768w, https:\/\/www.asmatu.es\/wp-content\/uploads\/2018\/05\/Planta-1024x572.jpg 1024w\" sizes=\"(max-width: 1554px) 100vw, 1554px\" \/>\n\n<h5><a href=\"\" title=\"\">Proyecto de construcci\u00f3n, viabilizaci\u00f3n y definici\u00f3n de las condiciones de explotaci\u00f3n de la variante de Ermua<\/a><\/h5>\n\n<\/div>\n\n<\/div>\n\n<\/div>\n\n\n\n\n<div class=\"mitad animated slideInRight delay2 duration3 eds-on-scroll\">\n\n<div class=\"padding\"><img decoding=\"async\" class=\"alignnone size-medium wp-image-48\" src=\"https:\/\/www.asmatu.es\/wp-content\/uploads\/2018\/05\/Planta.jpg\" alt=\"\" width=\"100%\" height=\"auto\" srcset=\"https:\/\/www.asmatu.es\/wp-content\/uploads\/2018\/05\/Planta.jpg 1554w, https:\/\/www.asmatu.es\/wp-content\/uploads\/2018\/05\/Planta-300x168.jpg 300w, https:\/\/www.asmatu.es\/wp-content\/uploads\/2018\/05\/Planta-768x429.jpg 768w, https:\/\/www.asmatu.es\/wp-content\/uploads\/2018\/05\/Planta-1024x572.jpg 1024w\" sizes=\"(max-width: 1554px) 100vw, 1554px\" \/>\n\n<h5><a href=\"\" title=\"\">Proyecto de construcci\u00f3n, viabilizaci\u00f3n y definici\u00f3n de las condiciones de explotaci\u00f3n de la variante de Ermua<\/a><\/h5>\n\n<\/div>\n\n<\/div>\n\n\n\n\n<div class=\"clear\"><\/div>\n\n\n<\/div>\n\n\n\n\n<div class=\"animated slideInLeft delay2 duration3 eds-on-scroll\">\n\n\n<div class=\"txt-center m-top\">\n\n<h2>\u00bfQuieres ver m\u00e1s proyectos de Urbanismo?<\/h2>\n\n\n\n\n<div class=\"boton\"><a class=\"cta\" href=\"#\" title=\"\"><span>Ver todos<\/span><\/a><\/div>\n\n<\/div>\n\n\n<\/div>\n\n--><\/p>\n","protected":false},"excerpt":{"rendered":"<p>Hirigintza Diziplina anitzeko talde batek eratuta dago arlo hau: teknikari espezialista desberdinak eta esperientzia handiko profesionalak hirigintzaren eta arkitekturaren aholkularitza juridikoan. Taldeen arteko elkarlan etengabeak ekartzen du proiektuen kudeaketa arin eta zerbitzuaren kalitate gorenarekin egitea. Hirigintzak lurraldearen antolamendua bilatzen du, helburu baten arabera eta baliabideak era eraginkorrean bateratzen saiatuta. Esperientzia egiaztatuko arkitektoekin elkarlanean, parte hartzen [&hellip;]<\/p>\n","protected":false},"author":4,"featured_media":0,"parent":615,"menu_order":0,"comment_status":"closed","ping_status":"closed","template":"interior.php","meta":{"_acf_changed":false,"footnotes":""},"class_list":["post-625","page","type-page","status-publish","hentry"],"acf":[],"_links":{"self":[{"href":"https:\/\/www.asmatu.es\/eu\/wp-json\/wp\/v2\/pages\/625","targetHints":{"allow":["GET"]}}],"collection":[{"href":"https:\/\/www.asmatu.es\/eu\/wp-json\/wp\/v2\/pages"}],"about":[{"href":"https:\/\/www.asmatu.es\/eu\/wp-json\/wp\/v2\/types\/page"}],"author":[{"embeddable":true,"href":"https:\/\/www.asmatu.es\/eu\/wp-json\/wp\/v2\/users\/4"}],"replies":[{"embeddable":true,"href":"https:\/\/www.asmatu.es\/eu\/wp-json\/wp\/v2\/comments?post=625"}],"version-history":[{"count":1,"href":"https:\/\/www.asmatu.es\/eu\/wp-json\/wp\/v2\/pages\/625\/revisions"}],"predecessor-version":[{"id":626,"href":"https:\/\/www.asmatu.es\/eu\/wp-json\/wp\/v2\/pages\/625\/revisions\/626"}],"up":[{"embeddable":true,"href":"https:\/\/www.asmatu.es\/eu\/wp-json\/wp\/v2\/pages\/615"}],"wp:attachment":[{"href":"https:\/\/www.asmatu.es\/eu\/wp-json\/wp\/v2\/media?parent=625"}],"curies":[{"name":"wp","href":"https:\/\/api.w.org\/{rel}","templated":true}]}}