{"id":615,"date":"2018-06-25T11:50:19","date_gmt":"2018-06-25T09:50:19","guid":{"rendered":"https:\/\/www.asmatu.es\/?page_id=615"},"modified":"2018-12-13T11:53:50","modified_gmt":"2018-12-13T10:53:50","slug":"jarduera-esparruak","status":"publish","type":"page","link":"https:\/\/www.asmatu.es\/eu\/jarduera-esparruak\/","title":{"rendered":"Jarduera-esparruak"},"content":{"rendered":"<div id=\"areas\">\n<div class=\"destacado fd-blanco\">\n<div class=\"main\">\n<div class=\"p-top\">\n<div class=\"mitad relativo animated slideInLeft delay1 duration3\">\n<div class=\"fd-gris-op\">\n<h1>Jarduera-esparruak<\/h1>\n<\/div>\n<div class=\"padding\">\n<p>Ingeniaritza zibilaren, hirigintzaren, eraikingintzaren eta ingurumenaren arloetan, aholkularitza zibila, eraikuntza, espediente teknikoen kudeaketa eta project management-a egitean datza gure lana, administrazio publikorako eta sustatzaile pribatuentzat. Halaber, aholkularitza eta euskarria ematen diegu arlo horietan guztietan beste enpresa batzuei.<\/p>\n<p>Diziplina anitzeko gure taldeak zerbitzu integrala eta profesionala ematea ahalbidetzen digu, duela 25 urte baino gehiago. <\/p>\n<\/div>\n<\/div>\n<div class=\"mitad relativo animated slideInUp delay2 duration3\"><img decoding=\"async\" title=\"\" src=\"https:\/\/www.asmatu.es\/wp-content\/themes\/asmatu\/images\/areas-actividad.jpg\" alt=\"Imagen de \u00e1rea de actividad\" title=\"Realizamos construcciones de distintas \u00e1reas\" width=\"100%\" height=\"auto\" \/><\/div>\n<\/div>\n<\/div>\n<div class=\"clear\"><\/div>\n<\/div>\n<div class=\"fd-gris\">\n<div class=\"main relativo\">\n<div class=\"mitad animated slideInLeft delay1 duration3 eds-on-scroll\">\n<div class=\"hr\"><\/div>\n<h2>INGENIARITZA ZIBILA<\/h2>\n<div class=\"padding\">\n<img decoding=\"async\" src=\"https:\/\/www.asmatu.es\/wp-content\/themes\/asmatu\/images\/area-obra-civil-asmatu.jpg\" alt=\"Imagen de una obra de ingenieria civil\" title=\"Realizamos todo tipo de infraestructuras de ingenier\u00eda civil\" width=\"100%\" height=\"auto\" \/><br \/>\nIngeniaritza zibileko mota guztietako azpiegituren proiektuak zehaztea eta obra-zuzendaritza egiten dugu: errepideetakoak, trenbideetakoak, portuetakoak&#8230; <\/p>\n<div class=\"boton\"><a class=\"cta peq\" title=\"Conoce mas acerca de la ingenieria civil\" href=\"https:\/\/www.asmatu.es\/eu\/jarduera-esparruak\/ingeniaritza-zibila\/\"><span>ARGIBIDE GEHIAGO<\/span><\/a><\/div>\n<\/div>\n<\/div>\n<div class=\"mitad animated slideInRight delay2 duration3 eds-on-scroll\">\n<div class=\"hr\"><\/div>\n<h2>HIRIGINTZA<\/h2>\n<div class=\"padding\">\n<img decoding=\"async\" title=\"Elaboramos estudios de tus proyectos de urbanismo\" src=\"https:\/\/www.asmatu.es\/wp-content\/themes\/asmatu\/images\/area-urbanismo-asmatu.jpg\" alt=\"Imagen de obra de urbanismo\" width=\"100%\" height=\"auto\" \/><br \/>\nBideragarritasun-azterlanak egiten ditugu eta lurraldearen antolamenduaren plangintza egiten dugu arkitektoekin elkarlanean.<\/p>\n<div class=\"boton\"><a class=\"cta peq\" title=\"M\u00e1s informaci\u00f3n sobre urbanismo\" href=\"https:\/\/www.asmatu.es\/eu\/jarduera-esparruak\/hirigintza\/\"><span>ARGIBIDE GEHIAGO<\/span><\/a><\/div>\n<\/div>\n<\/div>\n<div class=\"clear\"><\/div>\n<div class=\"mitad animated slideInLeft delay1 duration3 eds-on-scroll\">\n<div class=\"hr\"><\/div>\n<h2>ERAIKINGINTZA<\/h2>\n<div class=\"padding\">\n<img decoding=\"async\" title=\"Expertos en edificaci\u00f3n\" src=\"https:\/\/www.asmatu.es\/wp-content\/themes\/asmatu\/images\/area-edificacion-asmatu.jpg\" alt=\"Imagen de obra de edificaci\u00f3n\" width=\"100%\" height=\"auto\" \/><br \/>\nMota guztietako lanak hartzen ditugu barne, era guztietako eraikinen profila zehazteko lanetatik, egingarritasuneko azterlanetatik edo espediente teknikoetatik project manegement-eraino: indutriako eraikinak, bulegoak, garraioko azpiegiturenak eta abar.<\/p>\n<div class=\"boton\"><a class=\"cta peq\" title=\"Lee m\u00e1s informaci\u00f3n sobre edificaci\u00f3n\" href=\"https:\/\/www.asmatu.es\/eu\/jarduera-esparruak\/eraikingintza\/\"><span>ARGIBIDE GEHIAGO<\/span><\/a><\/div>\n<\/div>\n<\/div>\n<div class=\"mitad animated slideInRight delay2 duration3 eds-on-scroll\">\n<div class=\"hr\"><\/div>\n<h2>INGURUMENA<\/h2>\n<div class=\"padding\">\n<img decoding=\"async\" title=\"Realizamos estudios de medioambiente\" src=\"https:\/\/www.asmatu.es\/wp-content\/themes\/asmatu\/images\/area-medioambiente-asmatu.jpg\" alt=\"Imagen de obra de medioambiente\" width=\"100%\" height=\"auto\" \/><\/p>\n<p>Ingurumenaren arloko azterlanak idazten ditugu, eraginkortasun handiena bilatzen dugu proiektuetan eta ingurumenaren arloko araudia betetzea.<\/p>\n<div class=\"boton\"><a class=\"cta peq\" title=\"Todo acerca del medio ambiente\" href=\"https:\/\/www.asmatu.es\/eu\/jarduera-esparruak\/ingurumena\/\"><span>ARGIBIDE GEHIAGO<\/span><\/a><\/div>\n<\/div>\n<\/div>\n<div class=\"clear\"><\/div>\n<div class=\"main relativo\">\n<div class=\"animated slideInUp delay1 duration3 eds-on-scroll\">\n<div class=\"hr\"><\/div>\n<h3>Horrez guztiaz gain, ASMATUk egitasmo aitzindarietan parte hartu du, lurraldeak edo inguruabarrek planteatutako erronkei konponbide berritzaileak bilatuta. Esate baterako, Mutrikun, OWC Olatu Plantan, obren zuzendaritzari laguntza teknikoa eman diogu eta Txomin Eneko Ibai Parkearen Aurreproiektua idaztean esku hartu dugu.<br \/>\n<\/h3>\n<\/div>\n<\/div>\n<p>\t<!--<\/div>\n\n<\/div>\n\n\n\n\n<div class=\"txt-center m-top animated slideInRight delay2 duration3 eds-on-scroll\">\n\n\n<h2>\u00bfQuieres ver m\u00e1s proyectos? \u00bfConocer nuestra actividad internacional?<\/h2>\n\n\n\n\n<div class=\"boton\"><a class=\"cta\" title=\"Conoce nuestros proyectos\" href=\"https:\/\/www.asmatu.es\/proyectos\/\"><span>Conoce nuestro proyecto internacional<\/span><\/a><\/div>\n\n\n\t<\/div>\n\n<\/div>\n\n--><\/p>\n","protected":false},"excerpt":{"rendered":"<p>Jarduera-esparruak Ingeniaritza zibilaren, hirigintzaren, eraikingintzaren eta ingurumenaren arloetan, aholkularitza zibila, eraikuntza, espediente teknikoen kudeaketa eta project management-a egitean datza gure lana, administrazio publikorako eta sustatzaile pribatuentzat. Halaber, aholkularitza eta euskarria ematen diegu arlo horietan guztietan beste enpresa batzuei. Diziplina anitzeko gure taldeak zerbitzu integrala eta profesionala ematea ahalbidetzen digu, duela 25 urte baino gehiago. INGENIARITZA [&hellip;]<\/p>\n","protected":false},"author":4,"featured_media":0,"parent":0,"menu_order":0,"comment_status":"closed","ping_status":"closed","template":"interior.php","meta":{"_acf_changed":false,"footnotes":""},"class_list":["post-615","page","type-page","status-publish","hentry"],"acf":[],"_links":{"self":[{"href":"https:\/\/www.asmatu.es\/eu\/wp-json\/wp\/v2\/pages\/615","targetHints":{"allow":["GET"]}}],"collection":[{"href":"https:\/\/www.asmatu.es\/eu\/wp-json\/wp\/v2\/pages"}],"about":[{"href":"https:\/\/www.asmatu.es\/eu\/wp-json\/wp\/v2\/types\/page"}],"author":[{"embeddable":true,"href":"https:\/\/www.asmatu.es\/eu\/wp-json\/wp\/v2\/users\/4"}],"replies":[{"embeddable":true,"href":"https:\/\/www.asmatu.es\/eu\/wp-json\/wp\/v2\/comments?post=615"}],"version-history":[{"count":3,"href":"https:\/\/www.asmatu.es\/eu\/wp-json\/wp\/v2\/pages\/615\/revisions"}],"predecessor-version":[{"id":680,"href":"https:\/\/www.asmatu.es\/eu\/wp-json\/wp\/v2\/pages\/615\/revisions\/680"}],"wp:attachment":[{"href":"https:\/\/www.asmatu.es\/eu\/wp-json\/wp\/v2\/media?parent=615"}],"curies":[{"name":"wp","href":"https:\/\/api.w.org\/{rel}","templated":true}]}}